{"id":2140,"date":"2019-05-28T20:27:32","date_gmt":"2019-05-28T18:27:32","guid":{"rendered":"http:\/\/jhmaths.fr\/?page_id=2140"},"modified":"2025-09-01T13:32:20","modified_gmt":"2025-09-01T11:32:20","slug":"accueil-2","status":"publish","type":"page","link":"https:\/\/jhmaths.fr\/","title":{"rendered":""},"content":{"rendered":"\n<h2 class=\"wp-block-heading\">Bienvenue sur JHMaths<\/h2>\n\n\n\n<p>S\u00e9lectionnez votre niveau<\/p>\n\n\n\n<div class=\"wp-block-buttons is-vertical is-layout-flex wp-container-core-buttons-is-layout-fe9cc265 wp-block-buttons-is-layout-flex\">\n<div class=\"wp-block-button\"><a class=\"wp-block-button__link wp-element-button\" href=\"https:\/\/jhmaths.fr\/index.php\/premiere-generale\/\">Premi\u00e8re G\u00e9n\u00e9rale<\/a><\/div>\n\n\n\n<div class=\"wp-block-button\"><a class=\"wp-block-button__link wp-element-button\" href=\"https:\/\/jhmaths.fr\/index.php\/premiere-technologique\/\">Premi\u00e8re Technologique<\/a><\/div>\n\n\n\n<div class=\"wp-block-button\"><a class=\"wp-block-button__link wp-element-button\" href=\"https:\/\/jhmaths.fr\/index.php\/situations-de-recherche\/\">Situations de recherche<\/a><\/div>\n<\/div>\n","protected":false},"excerpt":{"rendered":"<p>Bienvenue sur JHMaths S\u00e9lectionnez votre niveau<\/p>\n","protected":false},"author":1,"featured_media":0,"parent":0,"menu_order":3,"comment_status":"closed","ping_status":"closed","template":"","meta":{"footnotes":""},"folder":[],"class_list":["post-2140","page","type-page","status-publish","hentry"],"_links":{"self":[{"href":"https:\/\/jhmaths.fr\/index.php\/wp-json\/wp\/v2\/pages\/2140","targetHints":{"allow":["GET"]}}],"collection":[{"href":"https:\/\/jhmaths.fr\/index.php\/wp-json\/wp\/v2\/pages"}],"about":[{"href":"https:\/\/jhmaths.fr\/index.php\/wp-json\/wp\/v2\/types\/page"}],"author":[{"embeddable":true,"href":"https:\/\/jhmaths.fr\/index.php\/wp-json\/wp\/v2\/users\/1"}],"replies":[{"embeddable":true,"href":"https:\/\/jhmaths.fr\/index.php\/wp-json\/wp\/v2\/comments?post=2140"}],"version-history":[{"count":65,"href":"https:\/\/jhmaths.fr\/index.php\/wp-json\/wp\/v2\/pages\/2140\/revisions"}],"predecessor-version":[{"id":4088,"href":"https:\/\/jhmaths.fr\/index.php\/wp-json\/wp\/v2\/pages\/2140\/revisions\/4088"}],"wp:attachment":[{"href":"https:\/\/jhmaths.fr\/index.php\/wp-json\/wp\/v2\/media?parent=2140"}],"wp:term":[{"taxonomy":"folder","embeddable":true,"href":"https:\/\/jhmaths.fr\/index.php\/wp-json\/wp\/v2\/folder?post=2140"}],"curies":[{"name":"wp","href":"https:\/\/api.w.org\/{rel}","templated":true}]}}