{"id":3972,"date":"2024-12-05T10:09:08","date_gmt":"2024-12-05T09:09:08","guid":{"rendered":"https:\/\/jhmaths.fr\/?page_id=3972"},"modified":"2025-08-19T09:46:02","modified_gmt":"2025-08-19T07:46:02","slug":"premiere-generale","status":"publish","type":"page","link":"https:\/\/jhmaths.fr\/index.php\/premiere-generale\/","title":{"rendered":"Premi\u00e8re g\u00e9n\u00e9rale"},"content":{"rendered":"\n<div class=\"wp-block-buttons is-vertical is-layout-flex wp-container-core-buttons-is-layout-fe9cc265 wp-block-buttons-is-layout-flex\">\n<div class=\"wp-block-button\"><a class=\"wp-block-button__link wp-element-button\" href=\"https:\/\/jhmaths.fr\/index.php\/premiere-generale\/second-degre\/\">Second degr\u00e9<\/a><\/div>\n\n\n\n<div class=\"wp-block-button\"><a class=\"wp-block-button__link wp-element-button\" href=\"https:\/\/jhmaths.fr\/index.php\/premiere-generale\/nombre-derive-et-tangente\/\">Nombre d\u00e9riv\u00e9 et tangente<\/a><\/div>\n\n\n\n<div class=\"wp-block-button\"><a class=\"wp-block-button__link wp-element-button\" href=\"https:\/\/jhmaths.fr\/index.php\/premiere-generale\/suites-arithmetiques-et-geometriques\/\">Suites arithm\u00e9tiques et g\u00e9om\u00e9triques<\/a><\/div>\n<\/div>\n","protected":false},"excerpt":{"rendered":"","protected":false},"author":1,"featured_media":0,"parent":0,"menu_order":5,"comment_status":"closed","ping_status":"closed","template":"","meta":{"footnotes":""},"folder":[47],"class_list":["post-3972","page","type-page","status-publish","hentry"],"_links":{"self":[{"href":"https:\/\/jhmaths.fr\/index.php\/wp-json\/wp\/v2\/pages\/3972","targetHints":{"allow":["GET"]}}],"collection":[{"href":"https:\/\/jhmaths.fr\/index.php\/wp-json\/wp\/v2\/pages"}],"about":[{"href":"https:\/\/jhmaths.fr\/index.php\/wp-json\/wp\/v2\/types\/page"}],"author":[{"embeddable":true,"href":"https:\/\/jhmaths.fr\/index.php\/wp-json\/wp\/v2\/users\/1"}],"replies":[{"embeddable":true,"href":"https:\/\/jhmaths.fr\/index.php\/wp-json\/wp\/v2\/comments?post=3972"}],"version-history":[{"count":10,"href":"https:\/\/jhmaths.fr\/index.php\/wp-json\/wp\/v2\/pages\/3972\/revisions"}],"predecessor-version":[{"id":4083,"href":"https:\/\/jhmaths.fr\/index.php\/wp-json\/wp\/v2\/pages\/3972\/revisions\/4083"}],"wp:attachment":[{"href":"https:\/\/jhmaths.fr\/index.php\/wp-json\/wp\/v2\/media?parent=3972"}],"wp:term":[{"taxonomy":"folder","embeddable":true,"href":"https:\/\/jhmaths.fr\/index.php\/wp-json\/wp\/v2\/folder?post=3972"}],"curies":[{"name":"wp","href":"https:\/\/api.w.org\/{rel}","templated":true}]}}